{"id":2252,"date":"2026-02-02T10:54:48","date_gmt":"2026-02-02T03:54:48","guid":{"rendered":"http:\/\/dlhlime.com\/product\/calcined-dolomite\/"},"modified":"2026-03-07T10:59:02","modified_gmt":"2026-03-07T03:59:02","slug":"calcined-dolomite","status":"publish","type":"product","link":"http:\/\/dlhlime.com\/vi\/product\/dolomite-nung\/","title":{"rendered":"Dolomite nung"},"content":{"rendered":"<p>L\u00e0 m\u1ed9t kho\u00e1ng ch\u1ea5t \u0111\u01b0\u1ee3c \u1ee9ng d\u1ee5ng r\u1ed9ng r\u00e3i trong c\u00e1c l\u0129nh v\u1ef1c nh\u01b0: \u0111\u00e1 trang tr\u00ed, s\u1ea3n xu\u1ea5t th\u1ee7y tinh, g\u1ed1m s\u1ee9 v\u00e0 xi m\u0103ng, th\u1ee9c \u0103n ch\u0103n nu\u00f4i th\u1ee7y s\u1ea3n v\u00e0 x\u1eed l\u00fd m\u00f4i tr\u01b0\u1eddng n\u01b0\u1edbc, x\u1eed l\u00fd trong ch\u0103n nu\u00f4i\u2026<\/p>\n","protected":false},"excerpt":{"rendered":"<p>L\u00e0 m\u1ed9t kho\u00e1ng ch\u1ea5t \u0111\u01b0\u1ee3c \u1ee9ng d\u1ee5ng r\u1ed9ng r\u00e3i trong c\u00e1c l\u0129nh v\u1ef1c nh\u01b0: \u0111\u00e1 trang tr\u00ed, s\u1ea3n xu\u1ea5t th\u1ee7y tinh, g\u1ed1m s\u1ee9 v\u00e0 xi m\u0103ng, th\u1ee9c \u0103n ch\u0103n nu\u00f4i th\u1ee7y s\u1ea3n v\u00e0 x\u1eed l\u00fd m\u00f4i tr\u01b0\u1eddng n\u01b0\u1edbc, x\u1eed l\u00fd trong ch\u0103n nu\u00f4i\u2026<\/p>\n","protected":false},"featured_media":1767,"template":"","product-category":[],"class_list":["post-2252","product","type-product","status-publish","has-post-thumbnail","hentry"],"acf":[],"_links":{"self":[{"href":"https:\/\/dlhlime.com\/vi\/wp-json\/wp\/v2\/product\/2252","targetHints":{"allow":["GET"]}}],"collection":[{"href":"https:\/\/dlhlime.com\/vi\/wp-json\/wp\/v2\/product"}],"about":[{"href":"https:\/\/dlhlime.com\/vi\/wp-json\/wp\/v2\/types\/product"}],"wp:featuredmedia":[{"embeddable":true,"href":"https:\/\/dlhlime.com\/vi\/wp-json\/wp\/v2\/media\/1767"}],"wp:attachment":[{"href":"https:\/\/dlhlime.com\/vi\/wp-json\/wp\/v2\/media?parent=2252"}],"wp:term":[{"taxonomy":"product-category","embeddable":true,"href":"https:\/\/dlhlime.com\/vi\/wp-json\/wp\/v2\/product-category?post=2252"}],"curies":[{"name":"wp","href":"https:\/\/api.w.org\/{rel}","templated":true}]}}