{"id":2247,"date":"2026-01-02T02:36:34","date_gmt":"2026-01-01T19:36:34","guid":{"rendered":"http:\/\/dlhlime.com\/product\/dolomite\/"},"modified":"2026-03-07T10:57:30","modified_gmt":"2026-03-07T03:57:30","slug":"dolomite","status":"publish","type":"product","link":"http:\/\/dlhlime.com\/vi\/product\/dolomite-tho\/","title":{"rendered":"Dolomite th\u00f4"},"content":{"rendered":"<p>\u0110\u00e2y l\u00e0 m\u1ed9t lo\u1ea1i \u0111\u00e1 t\u01b0\u01a1ng \u0111\u1ed1i ph\u1ed5 bi\u1ebfn, \u0111\u01b0\u1ee3c s\u1eed d\u1ee5ng trong luy\u1ec7n gang th\u00e9p, s\u1ea3n xu\u1ea5t h\u1ee3p kim s\u1eaft (ferro alloy), s\u1ea3n xu\u1ea5t v\u1eadt li\u1ec7u ch\u1ecbu l\u1eeda, s\u1ea3n xu\u1ea5t th\u1ee7y tinh v\u00e0 g\u1ed1m s\u1ee9\u2026<\/p>\n","protected":false},"excerpt":{"rendered":"<p>\u0110\u00e2y l\u00e0 m\u1ed9t lo\u1ea1i \u0111\u00e1 t\u01b0\u01a1ng \u0111\u1ed1i ph\u1ed5 bi\u1ebfn, \u0111\u01b0\u1ee3c s\u1eed d\u1ee5ng trong luy\u1ec7n gang th\u00e9p, s\u1ea3n xu\u1ea5t h\u1ee3p kim s\u1eaft (ferro alloy), s\u1ea3n xu\u1ea5t v\u1eadt li\u1ec7u ch\u1ecbu l\u1eeda, s\u1ea3n xu\u1ea5t th\u1ee7y tinh v\u00e0 g\u1ed1m s\u1ee9\u2026<\/p>\n","protected":false},"featured_media":1767,"template":"","product-category":[],"class_list":["post-2247","product","type-product","status-publish","has-post-thumbnail","hentry"],"acf":[],"_links":{"self":[{"href":"https:\/\/dlhlime.com\/vi\/wp-json\/wp\/v2\/product\/2247","targetHints":{"allow":["GET"]}}],"collection":[{"href":"https:\/\/dlhlime.com\/vi\/wp-json\/wp\/v2\/product"}],"about":[{"href":"https:\/\/dlhlime.com\/vi\/wp-json\/wp\/v2\/types\/product"}],"wp:featuredmedia":[{"embeddable":true,"href":"https:\/\/dlhlime.com\/vi\/wp-json\/wp\/v2\/media\/1767"}],"wp:attachment":[{"href":"https:\/\/dlhlime.com\/vi\/wp-json\/wp\/v2\/media?parent=2247"}],"wp:term":[{"taxonomy":"product-category","embeddable":true,"href":"https:\/\/dlhlime.com\/vi\/wp-json\/wp\/v2\/product-category?post=2247"}],"curies":[{"name":"wp","href":"https:\/\/api.w.org\/{rel}","templated":true}]}}