{"id":2233,"date":"2026-02-02T10:54:01","date_gmt":"2026-02-02T03:54:01","guid":{"rendered":"http:\/\/dlhlime.com\/product\/hydrated-lime-2\/"},"modified":"2026-03-07T10:57:12","modified_gmt":"2026-03-07T03:57:12","slug":"hydrated-lime-2","status":"publish","type":"product","link":"http:\/\/dlhlime.com\/vi\/product\/voi-toi\/","title":{"rendered":"V\u00f4i t\u00f4i"},"content":{"rendered":"<p>L\u00e0 m\u1ed9t ch\u1ea5t ph\u1ee5 gia c\u00f4ng nghi\u1ec7p \u0111\u01b0\u1ee3c s\u1eed d\u1ee5ng l\u00e0m nguy\u00ean li\u1ec7u th\u00f4 \u0111\u1ec3 s\u1ea3n xu\u1ea5t h\u00f3a ch\u1ea5t x\u00e2y d\u1ef1ng, n\u00f4ng nghi\u1ec7p, tinh ch\u1ebf qu\u1eb7ng m\u1ecf&#8230;<\/p>\n","protected":false},"excerpt":{"rendered":"<p>L\u00e0 m\u1ed9t ch\u1ea5t ph\u1ee5 gia c\u00f4ng nghi\u1ec7p \u0111\u01b0\u1ee3c s\u1eed d\u1ee5ng l\u00e0m nguy\u00ean li\u1ec7u th\u00f4 \u0111\u1ec3 s\u1ea3n xu\u1ea5t h\u00f3a ch\u1ea5t x\u00e2y d\u1ef1ng, n\u00f4ng nghi\u1ec7p, tinh ch\u1ebf qu\u1eb7ng m\u1ecf&#8230;<\/p>\n","protected":false},"featured_media":1911,"template":"","product-category":[],"class_list":["post-2233","product","type-product","status-publish","has-post-thumbnail","hentry"],"acf":[],"_links":{"self":[{"href":"https:\/\/dlhlime.com\/vi\/wp-json\/wp\/v2\/product\/2233","targetHints":{"allow":["GET"]}}],"collection":[{"href":"https:\/\/dlhlime.com\/vi\/wp-json\/wp\/v2\/product"}],"about":[{"href":"https:\/\/dlhlime.com\/vi\/wp-json\/wp\/v2\/types\/product"}],"wp:featuredmedia":[{"embeddable":true,"href":"https:\/\/dlhlime.com\/vi\/wp-json\/wp\/v2\/media\/1911"}],"wp:attachment":[{"href":"https:\/\/dlhlime.com\/vi\/wp-json\/wp\/v2\/media?parent=2233"}],"wp:term":[{"taxonomy":"product-category","embeddable":true,"href":"https:\/\/dlhlime.com\/vi\/wp-json\/wp\/v2\/product-category?post=2233"}],"curies":[{"name":"wp","href":"https:\/\/api.w.org\/{rel}","templated":true}]}}