{"id":2229,"date":"2026-02-02T10:48:12","date_gmt":"2026-02-02T03:48:12","guid":{"rendered":"http:\/\/dlhlime.com\/product\/limestone\/"},"modified":"2026-03-07T10:56:53","modified_gmt":"2026-03-07T03:56:53","slug":"limestone","status":"publish","type":"product","link":"http:\/\/dlhlime.com\/vi\/product\/da-voi\/","title":{"rendered":"\u0110\u00e1 v\u00f4i"},"content":{"rendered":"<p>V\u1edbi c\u00e1c \u0111\u1eb7c t\u00ednh ch\u1ed1ng \u0103n m\u00f2n, \u0111\u00e1 v\u00f4i \u0111\u01b0\u1ee3c s\u1eed d\u1ee5ng trong ng\u00e0nh c\u00f4ng nghi\u1ec7p x\u00e2y d\u1ef1ng v\u00e0 th\u01b0\u1eddng \u0111\u01b0\u1ee3c d\u00f9ng trong ng\u00e0nh c\u00f4ng nghi\u1ec7p s\u01a1n.<\/p>\n","protected":false},"excerpt":{"rendered":"<p>V\u1edbi c\u00e1c \u0111\u1eb7c t\u00ednh ch\u1ed1ng \u0103n m\u00f2n, \u0111\u00e1 v\u00f4i \u0111\u01b0\u1ee3c s\u1eed d\u1ee5ng trong ng\u00e0nh c\u00f4ng nghi\u1ec7p x\u00e2y d\u1ef1ng v\u00e0 th\u01b0\u1eddng \u0111\u01b0\u1ee3c d\u00f9ng trong ng\u00e0nh c\u00f4ng nghi\u1ec7p s\u01a1n.<\/p>\n","protected":false},"featured_media":1898,"template":"","product-category":[],"class_list":["post-2229","product","type-product","status-publish","has-post-thumbnail","hentry"],"acf":[],"_links":{"self":[{"href":"https:\/\/dlhlime.com\/vi\/wp-json\/wp\/v2\/product\/2229","targetHints":{"allow":["GET"]}}],"collection":[{"href":"https:\/\/dlhlime.com\/vi\/wp-json\/wp\/v2\/product"}],"about":[{"href":"https:\/\/dlhlime.com\/vi\/wp-json\/wp\/v2\/types\/product"}],"wp:featuredmedia":[{"embeddable":true,"href":"https:\/\/dlhlime.com\/vi\/wp-json\/wp\/v2\/media\/1898"}],"wp:attachment":[{"href":"https:\/\/dlhlime.com\/vi\/wp-json\/wp\/v2\/media?parent=2229"}],"wp:term":[{"taxonomy":"product-category","embeddable":true,"href":"https:\/\/dlhlime.com\/vi\/wp-json\/wp\/v2\/product-category?post=2229"}],"curies":[{"name":"wp","href":"https:\/\/api.w.org\/{rel}","templated":true}]}}